{"id":4307,"date":"2015-10-21T09:31:45","date_gmt":"2015-10-21T09:31:45","guid":{"rendered":"http:\/\/impreza3.us-themes.com\/?page_id=4307"},"modified":"2024-03-22T02:22:07","modified_gmt":"2024-03-22T02:22:07","slug":"nosotros","status":"publish","type":"page","link":"https:\/\/www.merproycca.com\/?page_id=4307","title":{"rendered":"Nosotros"},"content":{"rendered":"<section class=\"l-section wpb_row height_small color_primary with_img parallax_ver\"><div class=\"l-section-img\" role=\"img\" style=\"background-image: url(https:\/\/www.merproycca.com\/wp-content\/plugins\/us-core\/assets\/images\/placeholder.svg);\"><\/div><div class=\"l-section-overlay\" style=\"background:rgba(51,54,43,0.8)\"><\/div><div class=\"l-section-h i-cf\"><div class=\"g-cols vc_row via_grid cols_1 laptops-cols_inherit tablets-cols_inherit mobiles-cols_1 valign_middle type_default stacking_default\"><div class=\"wpb_column vc_column_container\"><div class=\"vc_column-inner\"><h1 class=\"w-post-elm post_title us_custom_607cd7e8 entry-title color_link_inherit\">Nosotros<\/h1><\/div><\/div><\/div><\/div><\/section><section class=\"l-section wpb_row height_medium with_img\"><div class=\"l-section-img\" role=\"img\" data-img-width=\"500\" data-img-height=\"326\" style=\"background-image: url(https:\/\/www.merproycca.com\/wp-content\/uploads\/2013\/05\/dots-line-w-1.png);background-position: bottom right;background-repeat: no-repeat;background-size: auto;\"><\/div><div class=\"l-section-h i-cf\"><div class=\"g-cols vc_row via_grid cols_3 laptops-cols_inherit tablets-cols_inherit mobiles-cols_1 valign_top type_default stacking_default\"><div class=\"wpb_column vc_column_container\"><div class=\"vc_column-inner\"><div class=\"wpb_text_column\"><div class=\"wpb_wrapper\"><h2><strong>POLITICA INTEGRAL<\/strong><\/h2>\n<\/div><\/div><div class=\"wpb_text_column\"><div class=\"wpb_wrapper\"><p>MER-PROYCCA INGENIERIA Y SERVICIOS SAS, presta servicios de: ejecuci\u00f3n de proyectos de construcci\u00f3n y\/o mantenimiento de obras civiles y metalmec\u00e1nicas, Ingenier\u00eda detallada, patolog\u00edas, laboratorio de suelos, pavimentos y concretos, fundamentados en directrices que garantizan un resultado de calidad.<\/p>\n<\/div><\/div><\/div><\/div><div class=\"wpb_column vc_column_container\"><div class=\"vc_column-inner\"><div class=\"wpb_text_column\"><div class=\"wpb_wrapper\"><p>Nuestra Pol\u00edtica Integral, ratifica el compromiso de por cumplir con los lineamientos fundamentales de nuestro sistema de Gesti\u00f3n Integral, con altos est\u00e1ndares, moderno y eficiente, basado en el cuidado y respeto por la vida, el medio ambiente, la normativa establecida en el Sistema de Salud y Seguridad en el Trabajo, la satisfacci\u00f3n del cliente a todo nivel como m\u00e1xima premisa y el liderazgo de todos los miembros de la organizaci\u00f3n, todo ello marcado en un proceso din\u00e1mico de mejora continua.<\/p>\n<\/div><\/div><\/div><\/div><div class=\"wpb_column vc_column_container\"><div class=\"vc_column-inner\"><div class=\"w-image align_none\"><div class=\"w-image-h\"><img loading=\"lazy\" decoding=\"async\" width=\"78\" height=\"78\" src=\"https:\/\/www.merproycca.com\/wp-content\/uploads\/2017\/12\/icon.png\" class=\"attachment-us_600_600_crop size-us_600_600_crop\" alt=\"\" \/><\/div><\/div><\/div><\/div><\/div><\/div><\/section><section class=\"l-section wpb_row height_medium color_primary\"><div class=\"l-section-h i-cf\"><div class=\"g-cols vc_row via_grid cols_1 laptops-cols_inherit tablets-cols_inherit mobiles-cols_1 valign_middle type_default stacking_default\"><div class=\"wpb_column vc_column_container\"><div class=\"vc_column-inner\"><div class=\"g-cols wpb_row via_grid cols_2-1 laptops-cols_inherit tablets-cols_inherit mobiles-cols_1 valign_middle type_default stacking_default\" style=\"--gap:3rem;\"><div class=\"wpb_column vc_column_container us_custom_7e20fa79 us_animate_this\"><div class=\"vc_column-inner\"><div class=\"w-iconbox iconpos_left style_default color_contrast align_left\"><div class=\"w-iconbox-icon\" style=\"font-size:70px;\"><i class=\"far fa-check-square\"><\/i><\/div><div class=\"w-iconbox-meta\"><h4 class=\"w-iconbox-title\">Misi\u00f3n<\/h4><div class=\"w-iconbox-text\"><p>Somos una empresa de servicios dedicada a la realizaci\u00f3n de obras de construcci\u00f3n y\/o mantenimiento de proyectos civiles y metalmec\u00e1nicos, y los servicios de ingenier\u00edas detalladas, patolog\u00edas, laboratorio de suelos, pavimentos y concretos, competente en el sector industrial, petroqu\u00edmico y de la construcci\u00f3n, que trabaja en forma eficiente, \u00e1gil y oportuna, con dedicaci\u00f3n, generando empleo en los sitios donde desarrolla sus proyectos, para lo cual cuenta con un grupo de colaboradores competentes, maquinaria, equipos adecuados y amplia experiencia.<\/p>\n<p>FERNANDO GARCIA D \u00b4EMPAIRE<br \/>\nGERENTE \u2013 REPRESENTANTE LEGAL.<\/p>\n<\/div><\/div><\/div><\/div><\/div><div class=\"wpb_column vc_column_container us_custom_d628d18a us_animate_this\"><div class=\"vc_column-inner\"><\/div><\/div><\/div><div class=\"g-cols wpb_row via_grid cols_1-2 laptops-cols_inherit tablets-cols_inherit mobiles-cols_1 valign_middle type_default stacking_default\" style=\"--gap:3rem;\"><div class=\"wpb_column vc_column_container us_custom_a640122a us_animate_this\"><div class=\"vc_column-inner\"><\/div><\/div><div class=\"wpb_column vc_column_container us_custom_47474b22 us_animate_this\"><div class=\"vc_column-inner\"><div class=\"w-iconbox iconpos_left style_default color_contrast align_left\"><div class=\"w-iconbox-icon\" style=\"font-size:70px;\"><i class=\"far fa-check-square\"><\/i><\/div><div class=\"w-iconbox-meta\"><h4 class=\"w-iconbox-title\">Visi\u00f3n<\/h4><div class=\"w-iconbox-text\"><p>\u201cSer una de las principales empresas del sector industrial, petroqu\u00edmica y de la construcci\u00f3n, socialmente responsable y que compita en el mercado con su calidad, seguridad, cuidando el medio ambiente, precios, atenci\u00f3n amable, comprometida con la calidad y satisfacci\u00f3n de los clientes a todo nivel, a trav\u00e9s de un sistema de gesti\u00f3n de integral basado en la mejora continua.<\/p>\n<p>FERNANDO GARCIA D \u00b4EMPAIRE<br \/>\nGERENTE \u2013 REPRESENTANTE LEGAL.<\/p>\n<\/div><\/div><\/div><\/div><\/div><\/div><\/div><\/div><\/div><\/div><\/section><section class=\"l-section wpb_row height_huge\"><div class=\"l-section-h i-cf\"><div class=\"g-cols vc_row via_grid cols_2-1 laptops-cols_inherit tablets-cols_inherit mobiles-cols_1 valign_top type_default stacking_default\" style=\"--gap:58px;\"><div class=\"wpb_column vc_column_container us_custom_60e9caca us_animate_this\"><div class=\"vc_column-inner\"><div class=\"wpb_column vc_column_container\"><div class=\"vc_column-inner\"><div class=\"w-image align_center\"><div class=\"w-image-h\"><img loading=\"lazy\" decoding=\"async\" width=\"450\" height=\"300\" src=\"https:\/\/www.merproycca.com\/wp-content\/uploads\/2015\/10\/1.jpg\" class=\"attachment-full size-full\" alt=\"PREMIO A LA INNOVACI\u00d3N EN BOLIVAR\" srcset=\"https:\/\/www.merproycca.com\/wp-content\/uploads\/2015\/10\/1.jpg 450w, https:\/\/www.merproycca.com\/wp-content\/uploads\/2015\/10\/1-300x200.jpg 300w\" sizes=\"(max-width: 450px) 100vw, 450px\" \/><\/div><\/div><\/div><\/div><\/div><\/div><div class=\"wpb_column vc_column_container us_custom_f70d789f us_animate_this\"><div class=\"vc_column-inner\"><\/div><\/div><\/div><\/div><\/section>\n","protected":false},"excerpt":{"rendered":"Nosotros POLITICA INTEGRAL MER-PROYCCA INGENIERIA Y SERVICIOS SAS, presta servicios de: ejecuci\u00f3n de proyectos de construcci\u00f3n y\/o mantenimiento de obras civiles y metalmec\u00e1nicas, Ingenier\u00eda detallada, patolog\u00edas, laboratorio de suelos, pavimentos y concretos, fundamentados en directrices que garantizan un resultado de calidad. Nuestra Pol\u00edtica Integral, ratifica el compromiso de por cumplir con los lineamientos fundamentales de...","protected":false},"author":1,"featured_media":0,"parent":0,"menu_order":0,"comment_status":"closed","ping_status":"closed","template":"","meta":{"footnotes":""},"_links":{"self":[{"href":"https:\/\/www.merproycca.com\/index.php?rest_route=\/wp\/v2\/pages\/4307"}],"collection":[{"href":"https:\/\/www.merproycca.com\/index.php?rest_route=\/wp\/v2\/pages"}],"about":[{"href":"https:\/\/www.merproycca.com\/index.php?rest_route=\/wp\/v2\/types\/page"}],"author":[{"embeddable":true,"href":"https:\/\/www.merproycca.com\/index.php?rest_route=\/wp\/v2\/users\/1"}],"replies":[{"embeddable":true,"href":"https:\/\/www.merproycca.com\/index.php?rest_route=%2Fwp%2Fv2%2Fcomments&post=4307"}],"version-history":[{"count":53,"href":"https:\/\/www.merproycca.com\/index.php?rest_route=\/wp\/v2\/pages\/4307\/revisions"}],"predecessor-version":[{"id":6873,"href":"https:\/\/www.merproycca.com\/index.php?rest_route=\/wp\/v2\/pages\/4307\/revisions\/6873"}],"wp:attachment":[{"href":"https:\/\/www.merproycca.com\/index.php?rest_route=%2Fwp%2Fv2%2Fmedia&parent=4307"}],"curies":[{"name":"wp","href":"https:\/\/api.w.org\/{rel}","templated":true}]}}