{"id":6506,"date":"2018-05-24T14:03:31","date_gmt":"2018-05-24T14:03:31","guid":{"rendered":"https:\/\/www.merproycca.com\/login\/"},"modified":"2018-05-24T14:12:12","modified_gmt":"2018-05-24T14:12:12","slug":"login","status":"publish","type":"page","link":"https:\/\/www.merproycca.com\/?page_id=6506","title":{"rendered":"Ingresa"},"content":{"rendered":"<section class=\"l-section wpb_row height_medium\"><div class=\"l-section-h i-cf\"><div class=\"g-cols vc_row via_grid cols_3 laptops-cols_inherit tablets-cols_inherit mobiles-cols_1 valign_top type_default stacking_default\"><div class=\"wpb_column vc_column_container\"><div class=\"vc_column-inner\"><div class=\"w-slider style_none fit_scaledown\"><div class=\"w-slider-h\"><div class=\"royalSlider\"><div class=\"rsContent\"><a class=\"rsImg\" data-rsw=\"875\" data-rsh=\"657\" href=\"https:\/\/www.merproycca.com\/wp-content\/uploads\/2018\/05\/SIE-5.png\"><span data-alt=\"\"><\/span><\/a><\/div><div class=\"rsContent\"><a class=\"rsImg\" data-rsw=\"472\" data-rsh=\"836\" href=\"https:\/\/www.merproycca.com\/wp-content\/uploads\/2018\/05\/SIE-6.png\"><span data-alt=\"\"><\/span><\/a><\/div><div class=\"rsContent\"><a class=\"rsImg\" data-rsw=\"953\" data-rsh=\"715\" href=\"https:\/\/www.merproycca.com\/wp-content\/uploads\/2018\/05\/SIE-4.png\"><span data-alt=\"\"><\/span><\/a><\/div><\/div><img decoding=\"async\" src=\"https:\/\/www.merproycca.com\/wp-content\/uploads\/2018\/05\/SIE-5.png\" width=\"875\" height=\"657\" alt loading=\"lazy\"><\/div><div class=\"w-slider-json\" onclick='return {&quot;autoScaleSlider&quot;:true,&quot;loop&quot;:true,&quot;fadeInLoadedSlide&quot;:false,&quot;slidesSpacing&quot;:0,&quot;imageScalePadding&quot;:0,&quot;numImagesToPreload&quot;:2,&quot;arrowsNav&quot;:true,&quot;arrowsNavAutoHide&quot;:false,&quot;transitionType&quot;:&quot;move&quot;,&quot;transitionSpeed&quot;:250,&quot;block&quot;:{&quot;moveEffect&quot;:&quot;none&quot;,&quot;speed&quot;:300},&quot;thumbs&quot;:{&quot;fitInViewport&quot;:false},&quot;controlNavigation&quot;:&quot;none&quot;,&quot;imageScaleMode&quot;:&quot;fit-if-smaller&quot;,&quot;autoScaleSliderWidth&quot;:875,&quot;autoScaleSliderHeight&quot;:657}'><\/div><\/div><\/div><\/div><div class=\"wpb_column vc_column_container\"><div class=\"vc_column-inner\"><div class=\"wpb_text_column\"><div class=\"wpb_wrapper\"><p><strong>Luego de Ingresar con su usuario y contrase\u00f1a, podr\u00e1 tener acceso a su correspondencia.<\/strong><\/p>\n<p>Nuestro Laboratorio cuenta con altos est\u00e1ndares de calidad para la entrega de resultados para controles de calidad de concretos y materiales, caracterizaci\u00f3n y ensayos de resistencia, estudios geot\u00e9cnico, dise\u00f1o y desarrollo de cimentaciones y pavimentos, topograf\u00edas detalladas exploraci\u00f3n y detecci\u00f3n de sistemas enterrados con georadar y controles de calidad en campo.<\/p>\n<\/div><\/div><\/div><\/div><div class=\"wpb_column vc_column_container\"><div class=\"vc_column-inner\"><div class=\"wpb_text_column\"><div class=\"wpb_wrapper\">Ingresa\n<div class=\"tml tml-login\" id=\"theme-my-login1\">\n\t\t\t<form name=\"loginform\" id=\"loginform1\" action=\"\/index.php?rest_route=%2Fwp%2Fv2%2Fpages%2F6506&#038;instance=1\" method=\"post\">\n\t\t<p class=\"tml-user-login-wrap\">\n\t\t\t<label for=\"user_login1\">Username or E-mail<\/label>\n\t\t\t<input type=\"text\" name=\"log\" id=\"user_login1\" class=\"input\" value=\"\" size=\"20\" \/>\n\t\t<\/p>\n\n\t\t<p class=\"tml-user-pass-wrap\">\n\t\t\t<label for=\"user_pass1\">Password<\/label>\n\t\t\t<input type=\"password\" name=\"pwd\" id=\"user_pass1\" class=\"input\" value=\"\" size=\"20\" autocomplete=\"off\" \/>\n\t\t<\/p>\n\n\t\t\n\t\t<div class=\"tml-rememberme-submit-wrap\">\n\t\t\t<p class=\"tml-rememberme-wrap\">\n\t\t\t\t<input name=\"rememberme\" type=\"checkbox\" id=\"rememberme1\" value=\"forever\" \/>\n\t\t\t\t<label for=\"rememberme1\">Remember Me<\/label>\n\t\t\t<\/p>\n\n\t\t\t<p class=\"tml-submit-wrap\">\n\t\t\t\t<input type=\"submit\" name=\"wp-submit\" id=\"wp-submit1\" value=\"Log In\" \/>\n\t\t\t\t<input type=\"hidden\" name=\"redirect_to\" value=\"https:\/\/www.merproycca.com\/wp-admin\/\" \/>\n\t\t\t\t<input type=\"hidden\" name=\"instance\" value=\"1\" \/>\n\t\t\t\t<input type=\"hidden\" name=\"action\" value=\"login\" \/>\n\t\t\t\t<input type=\"hidden\" name=\"testcookie\" value=\"1\" \/>\n\t\t\t<\/p>\n\t\t<\/div>\n\t<\/form>\n\t<ul class=\"tml-action-links\">\n<li><a href=\"https:\/\/www.merproycca.com\/?page_id=6509\" rel=\"nofollow\">Lost Password<\/a><\/li>\n<\/ul>\n<\/div>\n\n\n<\/div><\/div><\/div><\/div><\/div><\/div><\/section>\n","protected":false},"excerpt":{"rendered":"Luego de Ingresar con su usuario y contrase\u00f1a, podr\u00e1 tener acceso a su correspondencia. Nuestro Laboratorio cuenta con altos est\u00e1ndares de calidad para la entrega de resultados para controles de calidad de concretos y materiales, caracterizaci\u00f3n y ensayos de resistencia, estudios geot\u00e9cnico, dise\u00f1o y desarrollo de cimentaciones y pavimentos, topograf\u00edas detalladas exploraci\u00f3n y detecci\u00f3n de...","protected":false},"author":1,"featured_media":0,"parent":0,"menu_order":0,"comment_status":"closed","ping_status":"closed","template":"","meta":{"footnotes":""},"_links":{"self":[{"href":"https:\/\/www.merproycca.com\/index.php?rest_route=\/wp\/v2\/pages\/6506"}],"collection":[{"href":"https:\/\/www.merproycca.com\/index.php?rest_route=\/wp\/v2\/pages"}],"about":[{"href":"https:\/\/www.merproycca.com\/index.php?rest_route=\/wp\/v2\/types\/page"}],"author":[{"embeddable":true,"href":"https:\/\/www.merproycca.com\/index.php?rest_route=\/wp\/v2\/users\/1"}],"replies":[{"embeddable":true,"href":"https:\/\/www.merproycca.com\/index.php?rest_route=%2Fwp%2Fv2%2Fcomments&post=6506"}],"version-history":[{"count":1,"href":"https:\/\/www.merproycca.com\/index.php?rest_route=\/wp\/v2\/pages\/6506\/revisions"}],"predecessor-version":[{"id":6513,"href":"https:\/\/www.merproycca.com\/index.php?rest_route=\/wp\/v2\/pages\/6506\/revisions\/6513"}],"wp:attachment":[{"href":"https:\/\/www.merproycca.com\/index.php?rest_route=%2Fwp%2Fv2%2Fmedia&parent=6506"}],"curies":[{"name":"wp","href":"https:\/\/api.w.org\/{rel}","templated":true}]}}